{"id":14,"date":"2023-03-06T14:45:28","date_gmt":"2023-03-06T14:45:28","guid":{"rendered":"https:\/\/fhk.ac.at\/?page_id=14"},"modified":"2026-03-16T10:34:40","modified_gmt":"2026-03-16T09:34:40","slug":"datenschutz","status":"publish","type":"page","link":"https:\/\/fhk.ac.at\/en\/datenschutz\/","title":{"rendered":"Information on data protection"},"content":{"rendered":"<h2 class=\"wp-block-heading\">Austrian Conference of Universities of Applied Sciences (FHK)<\/h2>\n\n\n\n<p>The protection of your personal data is of particular concern to us. With this declaration, the Austrian University of Applied Sciences Conference (FHK) provides information in accordance with the applicable legal provisions on which personal data is collected, processed and used in the context of the use of the website fhk.ac.at and the services provided through it (logins, registrations, etc.). This data protection declaration does not refer to other providers to which we refer via links on our pages, i.e. we assume no liability for their content or the use and processing of data.<\/p>\n\n\n\n<hr class=\"wp-block-separator has-alpha-channel-opacity\"\/>\n\n\n\n<p><strong>1. data processing when using our website<\/strong><\/p>\n\n\n\n<p>When you visit our website, we collect the following data: IP address<\/p>\n\n\n\n<hr class=\"wp-block-separator has-alpha-channel-opacity\"\/>\n\n\n\n<p><strong>2. data processing when registering for a workshop or event offer<\/strong><\/p>\n\n\n\n<p>By mouse-clicking on dates\/workshops - workshops &amp; info dates - you will be linked to our page workshops.fhk.ac.at. You can also reach this website directly. On this page you can register for the workshop or event you have selected. We collect the following data for this purpose:<\/p>\n\n\n\n<p>Password (mandatory field)<\/p>\n\n\n\n<p>Salutation<\/p>\n\n\n\n<p>Title<\/p>\n\n\n\n<p>First name (mandatory field)<\/p>\n\n\n\n<p>Last name (mandatory field)<\/p>\n\n\n\n<p>Tel. no. (mandatory field)<\/p>\n\n\n\n<p>Email (mandatory field)<\/p>\n\n\n\n<p>Study programme<\/p>\n\n\n\n<p>Function (mandatory field)<\/p>\n\n\n\n<p>Institution<\/p>\n\n\n\n<p>Str.\/No. (mandatory field)<\/p>\n\n\n\n<p>Postcode (mandatory field)<\/p>\n\n\n\n<p>Place (mandatory field)<\/p>\n\n\n\n<p>Billing address (mandatory field)<\/p>\n\n\n\n<p>Certificates are issued by the FHK for all completed workshops. If several workshops of a thematic series are successfully completed, a module certificate (e.g. \"From Teaching to Learning\") will be issued. For this purpose, your data will be deleted 30 years after the end of the last certificate workshop. Your data will also be forwarded to the respective workshop leader(s) in order to provide you with individual support during your workshop participation and to adapt the workshop content accordingly. After the end of the workshop, your data will be deleted by the workshop leader.<\/p>\n\n\n\n<hr class=\"wp-block-separator has-alpha-channel-opacity\"\/>\n\n\n\n<p><strong>Legal basis<\/strong><\/p>\n\n\n\n<p>The data processing is based on your consent (Art 6 para 1 lit.a DSGVO).<\/p>\n\n\n\n<hr class=\"wp-block-separator has-alpha-channel-opacity\"\/>\n\n\n\n<p><strong>4. revocation of consent given:<\/strong><\/p>\n\n\n\n<p>Any consent given can be revoked at any time at office@fhk.ac.at without, however, affecting the lawfulness of the processing carried out on the basis of the consent until the revocation. In the event of revocation of consent, all data traceable to your person will be deleted and no further processing of your data will take place, unless - in the event of a later revocation - it was already processed before the time of revocation.<\/p>\n\n\n\n<hr class=\"wp-block-separator has-alpha-channel-opacity\"\/>\n\n\n\n<p><strong>5. server log files (H\u00f6rl Media GmbH)<\/strong><\/p>\n\n\n\n<p>We use the services of H\u00f6rl Media GmbH, FN 465888f, L\u00e4rchenweg 6, 5723 Uttendorf.<\/p>\n\n\n\n<p>H\u00f6rl Media GmbH collects data about access to the website (so-called server log files). The access data includes: Time of retrieval, URL retrieved, browser and IP address of the user.<\/p>\n\n\n\n<p>The log data is only used for statistical evaluations for the purpose of operation and to ensure information security. Should there be a justified suspicion of unlawful use due to concrete indications, the log data will be subsequently checked. The data will be deleted again after 6 months.<\/p>\n\n\n\n<p>The data processing is carried out on the basis of our legitimate interest (Art. 6 para. 1 lit. F DSGVO). This is the guarantee of information security.<\/p>\n\n\n\n<hr class=\"wp-block-separator has-alpha-channel-opacity\"\/>\n\n\n\n<p><strong>6. other data subject rights<\/strong><\/p>\n\n\n\n<p>You have the following rights:<\/p>\n\n\n\n<ul class=\"wp-block-list\">\n<li>Right of access to the personal data concerned (Art 15 GDPR),<\/li>\n\n\n\n<li>Right to rectification (Art 16 GDPR) or erasure (Art 17 GDPR) or to restriction of processing (Art 18 GDPR)<\/li>\n\n\n\n<li>Right to data portability (Art 20 GDPR),<\/li>\n\n\n\n<li>Right to complain<\/li>\n<\/ul>\n\n\n\n<p>which at the Austrian Data Protection Authority, Barichgasse 40-42, 1030 Vienna, telephone: +43 1 52 152-0, e-mail:&nbsp;<a href=\"mailto:dsb@dsb.gv.at\">dsb@dsb.gv.at<\/a>&nbsp;as the competent supervisory authority.<\/p>\n\n\n\n<hr class=\"wp-block-separator has-alpha-channel-opacity\"\/>\n\n\n\n<p><strong>7. changes<\/strong><\/p>\n\n\n\n<p>Changes to our \"Information on data protection\" are published via the website www.fhk.ac.at. In this way, you can find out at any time what data we store and how we use it. If changes have been made to the provisions, you can see this by the changed date under \"Last update\" at the end of this letter.<\/p>\n\n\n\n<hr class=\"wp-block-separator has-alpha-channel-opacity\"\/>\n\n\n\n<p><strong>8. linked websites<\/strong><\/p>\n\n\n\n<p>This information on data protection does not apply to websites on the Internet that you can access via hyperlinks on the FHK websites and for which we exclude all liability.<\/p>\n\n\n\n<hr class=\"wp-block-separator has-alpha-channel-opacity\"\/>\n\n\n\n<p><strong>9. contact<\/strong><\/p>\n\n\n\n<p>You can reach us at the following contact details:<\/p>\n\n\n\n<p>Conference of Universities of Applied Sciences (FHK)<br>General Secretariat<br>T: 01 890 63 45 10<br>office@fhk.ac.at<\/p>","protected":false},"excerpt":{"rendered":"<p>\u00d6sterreichische Fachhochschul-Konferenz (FHK) Der Schutz Ihrer pers\u00f6nlichen Daten ist uns ein besonderes Anliegen. Mit dieser Erkl\u00e4rung stellt der Verein \u00d6sterreichische Fachhochschul-Konferenz (FHK) in Entsprechung der geltenden gesetzlichen Bestimmungen Informationen dar\u00fcber zur Verf\u00fcgung, welche Daten zu Ihrer Person im Rahmen der Nutzung der Website&nbsp;fhk.ac.at&nbsp;sowie der dar\u00fcber zur Verf\u00fcgung gestellten Services (Anmeldungen, Registrierungen etc.) erhoben, verarbeitet und [&hellip;]<\/p>\n","protected":false},"author":12,"featured_media":0,"parent":0,"menu_order":0,"comment_status":"closed","ping_status":"closed","template":"","meta":{"_acf_changed":false,"footnotes":""},"class_list":["post-14","page","type-page","status-publish","hentry"],"acf":[],"_links":{"self":[{"href":"https:\/\/fhk.ac.at\/en\/wp-json\/wp\/v2\/pages\/14","targetHints":{"allow":["GET"]}}],"collection":[{"href":"https:\/\/fhk.ac.at\/en\/wp-json\/wp\/v2\/pages"}],"about":[{"href":"https:\/\/fhk.ac.at\/en\/wp-json\/wp\/v2\/types\/page"}],"author":[{"embeddable":true,"href":"https:\/\/fhk.ac.at\/en\/wp-json\/wp\/v2\/users\/12"}],"replies":[{"embeddable":true,"href":"https:\/\/fhk.ac.at\/en\/wp-json\/wp\/v2\/comments?post=14"}],"version-history":[{"count":5,"href":"https:\/\/fhk.ac.at\/en\/wp-json\/wp\/v2\/pages\/14\/revisions"}],"predecessor-version":[{"id":30913,"href":"https:\/\/fhk.ac.at\/en\/wp-json\/wp\/v2\/pages\/14\/revisions\/30913"}],"wp:attachment":[{"href":"https:\/\/fhk.ac.at\/en\/wp-json\/wp\/v2\/media?parent=14"}],"curies":[{"name":"wp","href":"https:\/\/api.w.org\/{rel}","templated":true}]}}